{"id":4920,"date":"2021-03-19T18:37:12","date_gmt":"2021-03-19T17:37:12","guid":{"rendered":"https:\/\/www.so-solid.at\/shop\/?post_type=product&#038;p=4920"},"modified":"2026-03-25T21:26:20","modified_gmt":"2026-03-25T20:26:20","slug":"headband-native-red","status":"publish","type":"product","link":"https:\/\/www.so-solid.at\/shop\/product\/headband-native-red\/","title":{"rendered":"headband native red"},"content":{"rendered":"<p><strong>Artikelbeschreibung:<\/strong><br \/>\nDiese stylische Stirnband, passend zu deiner SO SOLID Leggings, sorgt f\u00fcr Ordnung auf dem Kopf. Es ist ein Must-Have f\u00fcr die verschiedensten sportlichen Aktivit\u00e4ten. An kalten Tagen w\u00e4rmt es, an hei\u00dfen absorbiert es deinen Schwei\u00df. Der Stoff ist atmungsaktiv, federleicht und schnelltrocknend. Es passt in jede Tasche und ist schnell zur Stelle. Auch unter deinem Helm ist es angenehm zu tragen. Das Design wird durch einen dezenten Logopatch an der Seite abgerundet. Dieses Produkt wird mit Liebe in Portugal gefertigt.<\/p>\n<p><strong>product description:<br \/>\n<\/strong>This stylish headband keeps your hair organized. It\u2019s a good match to your SO SOLID leggings. The headband is essential on hot summer days to absorb your sweat and it keeps you warm on colder days. Due to the breathable and light fabric it dries quickly. It\u2019s a must-have for several sport activities. Moreover it fits perfectly under a helmet and can be stored in every small pocket. The headband is designed with a discreet logo patch on the side. It is manufactured with love in Portugal.<\/p>\n<p>article:<strong> native red<br \/>\n<\/strong>type:&nbsp;<strong>headband<\/strong><br \/>\nmaterial:&nbsp;<strong>78% recycled PA, 22% elastane<br \/>\n<\/strong>color:<strong> multicolor<br \/>\n<\/strong>size:&nbsp;<strong>onesize<\/strong><\/p>\n","protected":false},"excerpt":{"rendered":"<p>Artikelbeschreibung: Diese stylische Stirnband, passend zu deiner SO SOLID Leggings, sorgt f\u00fcr Ordnung auf dem Kopf. Es ist ein Must-Have f\u00fcr die verschiedensten sportlichen Aktivit\u00e4ten. An kalten Tagen w\u00e4rmt es, an hei\u00dfen absorbiert es deinen Schwei\u00df. Der Stoff ist atmungsaktiv, federleicht und schnelltrocknend. Es passt in jede Tasche und ist schnell zur Stelle. Auch unter [&hellip;]<\/p>\n","protected":false},"featured_media":5029,"comment_status":"closed","ping_status":"closed","template":"","meta":[],"_links":{"self":[{"href":"https:\/\/www.so-solid.at\/shop\/wp-json\/wp\/v2\/product\/4920"}],"collection":[{"href":"https:\/\/www.so-solid.at\/shop\/wp-json\/wp\/v2\/product"}],"about":[{"href":"https:\/\/www.so-solid.at\/shop\/wp-json\/wp\/v2\/types\/product"}],"replies":[{"embeddable":true,"href":"https:\/\/www.so-solid.at\/shop\/wp-json\/wp\/v2\/comments?post=4920"}],"wp:featuredmedia":[{"embeddable":true,"href":"https:\/\/www.so-solid.at\/shop\/wp-json\/wp\/v2\/media\/5029"}],"wp:attachment":[{"href":"https:\/\/www.so-solid.at\/shop\/wp-json\/wp\/v2\/media?parent=4920"}],"curies":[{"name":"wp","href":"https:\/\/api.w.org\/{rel}","templated":true}]}}